{"id":567,"date":"2023-01-25T08:25:09","date_gmt":"2023-01-25T08:25:09","guid":{"rendered":"https:\/\/thomas.endformat.com\/?page_id=567"},"modified":"2023-05-09T13:10:43","modified_gmt":"2023-05-09T13:10:43","slug":"aktuelle-mitteilungen","status":"publish","type":"page","link":"https:\/\/contemporaries-nuernberg.de\/?page_id=567","title":{"rendered":"Aktuelle Mitteilungen"},"content":{"rendered":"<div class=\"bm-builder clearfix \"><div id=\"\" class=\"module col-12 module-id-1676896857676\" data-module-col=\"12\"><div class=\"module-inside single-image-inside\" style=\"--top-mod: 40px;--bottom-mod: 0px;--top-mod-m:20px;--bottom-mod-m:0px;\" ><div class=\"single-image-out  \" ><figure class=\"single-image   single-image-full  \" ><div class=\"ux-hover-wrap anima-wrap\" style=\"padding-top: 30.217391304348%;\"><span class=\"ux-hover-wrap-a\"><img fetchpriority=\"high\" decoding=\"async\" alt=\"IMG_2669_2a\" class=\"single-image-img img1st lazy \" src=\"data:image\/gif;base64,R0lGODlhAQABAIAAAAAAAP\/\/\/yH5BAEAAAAALAAAAAABAAEAAAIBRAA7\" data-src=\"https:\/\/contemporaries-nuernberg.de\/wp-content\/uploads\/2023\/07\/IMG_2669_2a.jpg\" data-srcset=\"https:\/\/contemporaries-nuernberg.de\/wp-content\/uploads\/2023\/07\/IMG_2669_2a.jpg 2300w, https:\/\/contemporaries-nuernberg.de\/wp-content\/uploads\/2023\/07\/IMG_2669_2a-300x91.jpg 300w, https:\/\/contemporaries-nuernberg.de\/wp-content\/uploads\/2023\/07\/IMG_2669_2a-1024x309.jpg 1024w, https:\/\/contemporaries-nuernberg.de\/wp-content\/uploads\/2023\/07\/IMG_2669_2a-768x232.jpg 768w, https:\/\/contemporaries-nuernberg.de\/wp-content\/uploads\/2023\/07\/IMG_2669_2a-1536x464.jpg 1536w, https:\/\/contemporaries-nuernberg.de\/wp-content\/uploads\/2023\/07\/IMG_2669_2a-2048x619.jpg 2048w, https:\/\/contemporaries-nuernberg.de\/wp-content\/uploads\/2023\/07\/IMG_2669_2a-350x106.jpg 350w, https:\/\/contemporaries-nuernberg.de\/wp-content\/uploads\/2023\/07\/IMG_2669_2a-650x196.jpg 650w, https:\/\/contemporaries-nuernberg.de\/wp-content\/uploads\/2023\/07\/IMG_2669_2a-1000x302.jpg 1000w, https:\/\/contemporaries-nuernberg.de\/wp-content\/uploads\/2023\/07\/IMG_2669_2a-2000x604.jpg 2000w, https:\/\/contemporaries-nuernberg.de\/wp-content\/uploads\/2023\/07\/IMG_2669_2a-600x181.jpg 600w\" data-sizes=\"(max-width: 480px) 320px,(max-width: 767px) 500px,(max-width: 2300px) 100vw, 2300px\" width=\"2300\" height=\"695\" \/><\/span><\/div><\/figure><\/div><\/div><\/div><div id=\"\" class=\"module col-12 module-id-1677077820270\" data-module-col=\"12\"><div class=\"module-inside text-inside\" style=\"--top-mod: 80px;--bottom-mod: 0px;--top-mod-m:40px;--bottom-mod-m:0px;\" ><div class=\"text_block_out\"  data-effect=\"standard\" style=\"\"><div class=\"text_block ux-mod-nobg\"><div class=\"text_block_inn\"><div id=\"text-1677077820270\" class=\"text_block_centered text_block_centered_enable_width\"  style=\"\"><h2 style=\"text-align: center;\">AKTUELLE MITTEILUNGEN<\/h2><\/div><\/div><\/div><\/div><\/div><\/div><div id=\"\" class=\"module col-4 module-id-1677072961169 bm-wrap row-top row-left bm-wrap-height-auto\" data-module-col=\"4\" data-change-color=\"off\" data-backcolor=\"transparent\" data-frontcolor=\"\" data-logocolor=\"\" data-goto-top=\"off\" data-goto-top-spacing=\"0\" data-goto-disable-m=\"off\" data-groupsameheight=\"off\"><div class=\"module-inside group-inside\" style=\"--top-mod: 120px;--bottom-mod: 0px;--top-mod-m:60px;--bottom-mod-m:0px;\" ><div id=\"\" class=\"module col-4 module-id-1677072973235\" data-module-col=\"4\"><div class=\"module-inside single-image-inside\" style=\"--top-mod: 0px;--bottom-mod: 0px;--top-mod-m:0px;--bottom-mod-m:0px;\" ><div class=\"single-image-out  \" ><figure class=\"single-image   single-image-full  \" ><div class=\"ux-hover-wrap anima-wrap\" style=\"padding-top: 58.125%;\"><span class=\"ux-hover-wrap-a\"><img decoding=\"async\" alt=\"Orange_2\" class=\"single-image-img img1st lazy \" src=\"data:image\/gif;base64,R0lGODlhAQABAIAAAAAAAP\/\/\/yH5BAEAAAAALAAAAAABAAEAAAIBRAA7\" data-src=\"https:\/\/contemporaries-nuernberg.de\/wp-content\/uploads\/2024\/02\/Orange_2.jpg\" data-srcset=\"https:\/\/contemporaries-nuernberg.de\/wp-content\/uploads\/2024\/02\/Orange_2.jpg 320w, https:\/\/contemporaries-nuernberg.de\/wp-content\/uploads\/2024\/02\/Orange_2-300x174.jpg 300w\" data-sizes=\"(max-width: 480px) 320px,(max-width: 767px) 500px,(max-width: 320px) 100vw, 320px\" width=\"320\" height=\"186\" \/><\/span><\/div><\/figure><\/div><\/div><\/div><\/div><\/div><div id=\"\" class=\"module col-8 module-id-1677075601692 bm-wrap row-top row-left bm-wrap-height-auto\" data-module-col=\"8\" data-change-color=\"off\" data-backcolor=\"transparent\" data-frontcolor=\"\" data-logocolor=\"\" data-goto-top=\"off\" data-goto-top-spacing=\"0\" data-goto-disable-m=\"off\" data-groupsameheight=\"off\"><div class=\"module-inside group-inside\" style=\"--top-mod: 120px;--bottom-mod: 0px;--top-mod-m:60px;--bottom-mod-m:0px;\" ><div id=\"\" class=\"module col-8 module-id-1677075663362 col-offset-0\" data-module-col=\"8\"><div class=\"module-inside text-inside\" style=\"--top-mod: 0px;--bottom-mod: 79px;--top-mod-m:0px;--bottom-mod-m:40px;\" ><div class=\"text_block_out\"  data-effect=\"standard\" style=\"\"><div class=\"text_block ux-mod-nobg\"><div class=\"text_block_inn\"><div id=\"text-1677075663362\" class=\"text_block_centered text_block_centered_enable_width\"  style=\"\"><div class=\"media-body d-flex flex-column\">\n<h4 class=\"mt-0 mb-1\"><b>Nura Maar. 01.04.2023 &#8211; Nr. 2<\/b><\/h4>\n<div class=\"d-none d-sm-block\">\n<p>&nbsp;<\/p>\n<div class=\"smb\">Nura Maar ist die letzte K\u00fcnstlerin in diesem Jahr, die in der Vitrine ausstellt. Vom 1. bis zum 26. Dezember 2025 ist ihre Ausstellung &#8222;01.04.2023 &#8211; Nr. 2&#8220; im Foyer der Kunsthalle N\u00fcrnberg zu sehen.<\/div>\n<\/div>\n<\/div><\/div><\/div><\/div><\/div><\/div><\/div><div id=\"\" class=\"module col-3 module-id-1717509456003YZGxO\" data-module-col=\"3\"><div class=\"module-inside single-image-inside\" style=\"--top-mod: 0px;--bottom-mod: 0px;--top-mod-m:0px;--bottom-mod-m:0px;\" ><div class=\"single-image-out  \" ><figure class=\"single-image  bm-image-mouseover bm-colored-to-gray single-image-full  \" ><div class=\"ux-hover-wrap anima-wrap\" style=\"padding-top: 19.686800894855%;\"><a class=\"ux-hover-wrap-a\" href=\"https:\/\/www.kunstkulturquartier.de\/news-detailansicht-4\/blog\/2390?cHash=c8fa6631f2763a6c56fecec73dab9ce2\" target=\"_blank\" rel=\" noopener noreferrer nofollow \"><img decoding=\"async\" alt=\"5367303_button_2\" class=\"single-image-img img1st lazy \" src=\"data:image\/gif;base64,R0lGODlhAQABAIAAAAAAAP\/\/\/yH5BAEAAAAALAAAAAABAAEAAAIBRAA7\" data-src=\"https:\/\/contemporaries-nuernberg.de\/wp-content\/uploads\/2023\/02\/5367303_button_2.png\" data-srcset=\"https:\/\/contemporaries-nuernberg.de\/wp-content\/uploads\/2023\/02\/5367303_button_2.png 894w, https:\/\/contemporaries-nuernberg.de\/wp-content\/uploads\/2023\/02\/5367303_button_2-300x59.png 300w, https:\/\/contemporaries-nuernberg.de\/wp-content\/uploads\/2023\/02\/5367303_button_2-768x151.png 768w, https:\/\/contemporaries-nuernberg.de\/wp-content\/uploads\/2023\/02\/5367303_button_2-350x69.png 350w, https:\/\/contemporaries-nuernberg.de\/wp-content\/uploads\/2023\/02\/5367303_button_2-650x128.png 650w, https:\/\/contemporaries-nuernberg.de\/wp-content\/uploads\/2023\/02\/5367303_button_2-600x118.png 600w\" data-sizes=\"(max-width: 480px) 320px,(max-width: 767px) 500px,(max-width: 894px) 100vw, 894px\" width=\"894\" height=\"176\" \/><\/a><\/div><\/figure><\/div><\/div><\/div><\/div><\/div><div id=\"\" class=\"module col-4 module-id-1708696767694KR4RI bm-wrap row-top row-left bm-wrap-height-auto\" data-module-col=\"4\" data-change-color=\"off\" data-backcolor=\"transparent\" data-frontcolor=\"\" data-logocolor=\"\" data-goto-top=\"off\" data-goto-top-spacing=\"0\" data-goto-disable-m=\"off\" data-groupsameheight=\"off\"><div class=\"module-inside group-inside\" style=\"--top-mod: 120px;--bottom-mod: 0px;--top-mod-m:60px;--bottom-mod-m:0px;\" ><div id=\"\" class=\"module col-4 module-id-1708696768132KhgpT\" data-module-col=\"4\"><div class=\"module-inside single-image-inside\" style=\"--top-mod: 0px;--bottom-mod: 0px;--top-mod-m:0px;--bottom-mod-m:0px;\" ><div class=\"single-image-out  \" ><figure class=\"single-image   single-image-full  \" ><div class=\"ux-hover-wrap anima-wrap\" style=\"padding-top: 49.2%;\"><span class=\"ux-hover-wrap-a\"><img loading=\"lazy\" decoding=\"async\" alt=\"csm_05_Minang__Cho_2c43ca187c\" class=\"single-image-img img1st lazy \" src=\"data:image\/gif;base64,R0lGODlhAQABAIAAAAAAAP\/\/\/yH5BAEAAAAALAAAAAABAAEAAAIBRAA7\" data-src=\"https:\/\/contemporaries-nuernberg.de\/wp-content\/uploads\/2025\/04\/csm_05_Minang__Cho_2c43ca187c.jpg\" data-srcset=\"https:\/\/contemporaries-nuernberg.de\/wp-content\/uploads\/2025\/04\/csm_05_Minang__Cho_2c43ca187c.jpg 500w, https:\/\/contemporaries-nuernberg.de\/wp-content\/uploads\/2025\/04\/csm_05_Minang__Cho_2c43ca187c-300x148.jpg 300w, https:\/\/contemporaries-nuernberg.de\/wp-content\/uploads\/2025\/04\/csm_05_Minang__Cho_2c43ca187c-350x172.jpg 350w\" data-sizes=\"(max-width: 480px) 320px,(max-width: 767px) 500px,(max-width: 500px) 100vw, 500px\" width=\"500\" height=\"246\" \/><\/span><\/div><\/figure><\/div><\/div><\/div><\/div><\/div><div id=\"\" class=\"module col-6 module-id-17086967636319DWPX bm-wrap row-top row-left bm-wrap-height-auto\" data-module-col=\"6\" data-change-color=\"off\" data-backcolor=\"transparent\" data-frontcolor=\"\" data-logocolor=\"\" data-goto-top=\"off\" data-goto-top-spacing=\"0\" data-goto-disable-m=\"off\" data-groupsameheight=\"off\"><div class=\"module-inside group-inside\" style=\"--top-mod: 120px;--bottom-mod: 0px;--top-mod-m:60px;--bottom-mod-m:0px;\" ><div id=\"\" class=\"module col-6 module-id-1708696764086kZ7RY col-offset-0\" data-module-col=\"6\"><div class=\"module-inside text-inside\" style=\"--top-mod: 0px;--bottom-mod: 0px;--top-mod-m:0px;--bottom-mod-m:0px;\" ><div class=\"text_block_out\"  data-effect=\"standard\" style=\"\"><div class=\"text_block ux-mod-nobg\"><div class=\"text_block_inn\"><div id=\"text-1708696764086kZ7RY\" class=\"text_block_centered text_block_centered_enable_width\"  style=\"\"><div class=\"media-body d-flex flex-column\">\n<h4 class=\"mt-0 mb-1\"><strong>Die 85. Ausgabe der Museumszeitung erscheint<\/strong><\/h4>\n<div class=\"d-none d-sm-block\">\n<p>&nbsp;<\/p>\n<p>Online unter museumszeitung.de, als Beilage der N\u00fcrnberger Nachrichten oder zur Mitnahme in allen teilnehmenden H\u00e4usern informiert die Museumszeitung \u00fcber aktuelle Ausstellungen in der Metropolregion.<\/p>\n<\/div>\n<\/div><\/div><\/div><\/div><\/div><\/div><\/div><div id=\"\" class=\"module col-3 module-id-1708696764090R7Z9z\" data-module-col=\"3\"><div class=\"module-inside single-image-inside\" style=\"--top-mod: 40px;--bottom-mod: 0px;--top-mod-m:20px;--bottom-mod-m:0px;\" ><div class=\"single-image-out  \" ><figure class=\"single-image  bm-image-mouseover bm-colored-to-gray single-image-full  \" ><div class=\"ux-hover-wrap anima-wrap\" style=\"padding-top: 19.686800894855%;\"><a class=\"ux-hover-wrap-a\" href=\"https:\/\/www.kunstkulturquartier.de\/news-detailansicht-4\/blog\/2371?cHash=ec03c4bbc8aca40de58a6917ebdb7bce\" target=\"_blank\" rel=\" noopener noreferrer nofollow \"><img decoding=\"async\" alt=\"5367303_button_2\" class=\"single-image-img img1st lazy \" src=\"data:image\/gif;base64,R0lGODlhAQABAIAAAAAAAP\/\/\/yH5BAEAAAAALAAAAAABAAEAAAIBRAA7\" data-src=\"https:\/\/contemporaries-nuernberg.de\/wp-content\/uploads\/2023\/02\/5367303_button_2.png\" data-srcset=\"https:\/\/contemporaries-nuernberg.de\/wp-content\/uploads\/2023\/02\/5367303_button_2.png 894w, https:\/\/contemporaries-nuernberg.de\/wp-content\/uploads\/2023\/02\/5367303_button_2-300x59.png 300w, https:\/\/contemporaries-nuernberg.de\/wp-content\/uploads\/2023\/02\/5367303_button_2-768x151.png 768w, https:\/\/contemporaries-nuernberg.de\/wp-content\/uploads\/2023\/02\/5367303_button_2-350x69.png 350w, https:\/\/contemporaries-nuernberg.de\/wp-content\/uploads\/2023\/02\/5367303_button_2-650x128.png 650w, https:\/\/contemporaries-nuernberg.de\/wp-content\/uploads\/2023\/02\/5367303_button_2-600x118.png 600w\" data-sizes=\"(max-width: 480px) 320px,(max-width: 767px) 500px,(max-width: 894px) 100vw, 894px\" width=\"894\" height=\"176\" \/><\/a><\/div><\/figure><\/div><\/div><\/div><\/div><\/div><div id=\"\" class=\"module col-4 module-id-17086967308128OZH1 bm-wrap row-top row-left bm-wrap-height-auto\" data-module-col=\"4\" data-change-color=\"off\" data-backcolor=\"transparent\" data-frontcolor=\"\" data-logocolor=\"\" data-goto-top=\"off\" data-goto-top-spacing=\"0\" data-goto-disable-m=\"off\" data-groupsameheight=\"off\"><div class=\"module-inside group-inside\" style=\"--top-mod: 120px;--bottom-mod: 0px;--top-mod-m:60px;--bottom-mod-m:0px;\" ><div id=\"\" class=\"module col-4 module-id-1708696731232x0Lc8\" data-module-col=\"4\"><div class=\"module-inside single-image-inside\" style=\"--top-mod: 0px;--bottom-mod: 0px;--top-mod-m:0px;--bottom-mod-m:0px;\" ><div class=\"single-image-out  \" ><figure class=\"single-image   single-image-full  \" ><div class=\"ux-hover-wrap anima-wrap\" style=\"padding-top: 65.660377358491%;\"><span class=\"ux-hover-wrap-a\"><img loading=\"lazy\" decoding=\"async\" alt=\"Bildschirmfoto 2022-05-19 um 12.38.17\" class=\"single-image-img img1st lazy \" src=\"data:image\/gif;base64,R0lGODlhAQABAIAAAAAAAP\/\/\/yH5BAEAAAAALAAAAAABAAEAAAIBRAA7\" data-src=\"https:\/\/contemporaries-nuernberg.de\/wp-content\/uploads\/2025\/01\/Bildschirmfoto-2022-05-19-um-12.38.17.png\" data-srcset=\"https:\/\/contemporaries-nuernberg.de\/wp-content\/uploads\/2025\/01\/Bildschirmfoto-2022-05-19-um-12.38.17.png 530w, https:\/\/contemporaries-nuernberg.de\/wp-content\/uploads\/2025\/01\/Bildschirmfoto-2022-05-19-um-12.38.17-300x197.png 300w, https:\/\/contemporaries-nuernberg.de\/wp-content\/uploads\/2025\/01\/Bildschirmfoto-2022-05-19-um-12.38.17-350x230.png 350w\" data-sizes=\"(max-width: 480px) 320px,(max-width: 767px) 500px,(max-width: 530px) 100vw, 530px\" width=\"530\" height=\"348\" \/><\/span><\/div><\/figure><\/div><\/div><\/div><\/div><\/div><div id=\"\" class=\"module col-8 module-id-1708696726084cyFI_ bm-wrap row-top row-left bm-wrap-height-auto\" data-module-col=\"8\" data-change-color=\"off\" data-backcolor=\"transparent\" data-frontcolor=\"\" data-logocolor=\"\" data-goto-top=\"off\" data-goto-top-spacing=\"0\" data-goto-disable-m=\"off\" data-groupsameheight=\"off\"><div class=\"module-inside group-inside\" style=\"--top-mod: 120px;--bottom-mod: 0px;--top-mod-m:60px;--bottom-mod-m:0px;\" ><div id=\"\" class=\"module col-8 module-id-1708696726569gQXrK col-offset-0\" data-module-col=\"8\"><div class=\"module-inside text-inside\" style=\"--top-mod: 0px;--bottom-mod: 0px;--top-mod-m:0px;--bottom-mod-m:0px;\" ><div class=\"text_block_out\"  data-effect=\"standard\" style=\"\"><div class=\"text_block ux-mod-nobg\"><div class=\"text_block_inn\"><div id=\"text-1708696726569gQXrK\" class=\"text_block_centered text_block_centered_enable_width\"  style=\"\"><div class=\"media-body d-flex flex-column\">\n<h4 class=\"mt-0 mb-1\"><strong>Neue R\u00e4ume f\u00fcr die Kunst \u2013 Gef\u00f6rderte Ateliers im Werkhaus in der Peuntgasse<\/strong><\/h4>\n<div class=\"d-none d-sm-block\">\n<p>&nbsp;<\/p>\n<p>Anfang November erhielten die neun ausgew\u00e4hlten K\u00fcnstler*innen die Schl\u00fcssel f\u00fcr die neuen Ateliers im Werkhaus. In den kommenden Jahren werden sie hier arbeiten und den kulturellen Austausch im KunstKulturQuartier bereichern.<\/p>\n<\/div>\n<\/div><\/div><\/div><\/div><\/div><\/div><\/div><div id=\"\" class=\"module col-3 module-id-1708696726574W465Z\" data-module-col=\"3\"><div class=\"module-inside single-image-inside\" style=\"--top-mod: 80px;--bottom-mod: 0px;--top-mod-m:40px;--bottom-mod-m:0px;\" ><div class=\"single-image-out  \" ><figure class=\"single-image  bm-image-mouseover bm-colored-to-gray single-image-full  \" ><div class=\"ux-hover-wrap anima-wrap\" style=\"padding-top: 19.686800894855%;\"><a class=\"ux-hover-wrap-a\" href=\"https:\/\/www.kunstkulturquartier.de\/news-detailansicht-4\/blog\/2381?cHash=d8a4de844f77a6559db5bbb1edb039f4\" target=\"_blank\" rel=\" noopener noreferrer nofollow \"><img decoding=\"async\" alt=\"5367303_button_2\" class=\"single-image-img img1st lazy \" src=\"data:image\/gif;base64,R0lGODlhAQABAIAAAAAAAP\/\/\/yH5BAEAAAAALAAAAAABAAEAAAIBRAA7\" data-src=\"https:\/\/contemporaries-nuernberg.de\/wp-content\/uploads\/2023\/02\/5367303_button_2.png\" data-srcset=\"https:\/\/contemporaries-nuernberg.de\/wp-content\/uploads\/2023\/02\/5367303_button_2.png 894w, https:\/\/contemporaries-nuernberg.de\/wp-content\/uploads\/2023\/02\/5367303_button_2-300x59.png 300w, https:\/\/contemporaries-nuernberg.de\/wp-content\/uploads\/2023\/02\/5367303_button_2-768x151.png 768w, https:\/\/contemporaries-nuernberg.de\/wp-content\/uploads\/2023\/02\/5367303_button_2-350x69.png 350w, https:\/\/contemporaries-nuernberg.de\/wp-content\/uploads\/2023\/02\/5367303_button_2-650x128.png 650w, https:\/\/contemporaries-nuernberg.de\/wp-content\/uploads\/2023\/02\/5367303_button_2-600x118.png 600w\" data-sizes=\"(max-width: 480px) 320px,(max-width: 767px) 500px,(max-width: 894px) 100vw, 894px\" width=\"894\" height=\"176\" \/><\/a><\/div><\/figure><\/div><\/div><\/div><\/div><\/div><div id=\"\" class=\"module col-12 module-id-1677076331482\" data-module-col=\"12\"><div class=\"module-inside divide-inside\" style=\"--top-mod: 60px;--bottom-mod: 0px;--top-mod-m:30px;--bottom-mod-m:0px;\" ><div class=\"sea-divide divide-line ux-mod-nobg\" ><\/div><\/div><\/div><div id=\"\" class=\"module col-12 module-id-1677076371647\" data-module-col=\"12\"><div class=\"module-inside text-inside\" style=\"--top-mod: 40px;--bottom-mod: 0px;--top-mod-m:20px;--bottom-mod-m:0px;\" ><div class=\"text_block_out\"  data-effect=\"standard\" style=\"\"><div class=\"text_block ux-mod-nobg\"><div class=\"text_block_inn\"><div id=\"text-1677076371647\" class=\"text_block_centered text_block_centered_enable_width\"  style=\"\"><h3 style=\"text-align: center;\"><strong>Newsletter der Kunsthalle N\u00fcrnberg<\/strong><\/h3><\/div><\/div><\/div><\/div><\/div><\/div><div id=\"\" class=\"module col-5 module-id-1677076716952\" data-module-col=\"5\"><div class=\"module-inside single-image-inside\" style=\"--top-mod: 80px;--bottom-mod: 0px;--top-mod-m:40px;--bottom-mod-m:0px;\" ><div class=\"single-image-out  \" ><figure class=\"single-image   single-image-full  \" ><div class=\"ux-hover-wrap anima-wrap\" style=\"padding-top: 66.5625%;\"><span class=\"ux-hover-wrap-a\"><img loading=\"lazy\" decoding=\"async\" alt=\"Warren Neidich_Ausstellung Something Between Us_2022_Foto_Annette Kradisch\" class=\"single-image-img img1st lazy \" src=\"data:image\/gif;base64,R0lGODlhAQABAIAAAAAAAP\/\/\/yH5BAEAAAAALAAAAAABAAEAAAIBRAA7\" data-src=\"https:\/\/contemporaries-nuernberg.de\/wp-content\/uploads\/2024\/06\/Warren-Neidich_Ausstellung-Something-Between-Us_2022_Foto_Annette-Kradisch.jpeg\" data-srcset=\"https:\/\/contemporaries-nuernberg.de\/wp-content\/uploads\/2024\/06\/Warren-Neidich_Ausstellung-Something-Between-Us_2022_Foto_Annette-Kradisch.jpeg 320w, https:\/\/contemporaries-nuernberg.de\/wp-content\/uploads\/2024\/06\/Warren-Neidich_Ausstellung-Something-Between-Us_2022_Foto_Annette-Kradisch-300x200.jpeg 300w\" data-sizes=\"(max-width: 480px) 320px,(max-width: 767px) 500px,(max-width: 320px) 100vw, 320px\" width=\"320\" height=\"213\" \/><\/span><\/div><\/figure><\/div><\/div><\/div><div id=\"\" class=\"module col-5 module-id-1677076772245\" data-module-col=\"5\"><div class=\"module-inside text-inside\" style=\"--top-mod: 100px;--bottom-mod: 0px;--top-mod-m:50px;--bottom-mod-m:0px;\" ><div class=\"text_block_out\"  data-effect=\"standard\" style=\"\"><div class=\"text_block ux-mod-nobg\"><div class=\"text_block_inn\"><div id=\"text-1677076772245\" class=\"text_block_centered text_block_centered_enable_width\"  style=\"\"><p>In Sachen Ausstellungen immer auf dem neuesten Stand: Mit unserem E-Mail-Newsletter bekommen Sie ganz bequem unsere Programminfos, Highlights und Veranstaltungstipps direkt zu Ihnen nach Hause und Sie verpassen nichts mehr. Bleiben Sie immer informiert!<br><b><a class=\"internal-link\" title=\"Zur Newsletteranmeldung der Kunsthalle N\u00fcrnberg\" href=\"https:\/\/www.kunstkulturquartier.de\/kunsthalle-nuernberg\/newsletter\" target=\"_top\">Hier geht&#39;s zur Newsletteranmeldung<\/a><\/b><\/p><\/div><\/div><\/div><\/div><\/div><\/div><\/div>","protected":false},"excerpt":{"rendered":"<p>AKTUELLE MITTEILUNGEN Nura Maar. 01.04.2023 &#8211; Nr. 2 &nbsp; Nura &hellip;<\/p>\n","protected":false},"author":1,"featured_media":0,"parent":0,"menu_order":0,"comment_status":"closed","ping_status":"closed","template":"","meta":{"inline_featured_image":false,"footnotes":""},"class_list":["post-567","page","type-page","status-publish","hentry"],"_links":{"self":[{"href":"https:\/\/contemporaries-nuernberg.de\/index.php?rest_route=\/wp\/v2\/pages\/567","targetHints":{"allow":["GET"]}}],"collection":[{"href":"https:\/\/contemporaries-nuernberg.de\/index.php?rest_route=\/wp\/v2\/pages"}],"about":[{"href":"https:\/\/contemporaries-nuernberg.de\/index.php?rest_route=\/wp\/v2\/types\/page"}],"author":[{"embeddable":true,"href":"https:\/\/contemporaries-nuernberg.de\/index.php?rest_route=\/wp\/v2\/users\/1"}],"replies":[{"embeddable":true,"href":"https:\/\/contemporaries-nuernberg.de\/index.php?rest_route=%2Fwp%2Fv2%2Fcomments&post=567"}],"version-history":[{"count":1,"href":"https:\/\/contemporaries-nuernberg.de\/index.php?rest_route=\/wp\/v2\/pages\/567\/revisions"}],"predecessor-version":[{"id":568,"href":"https:\/\/contemporaries-nuernberg.de\/index.php?rest_route=\/wp\/v2\/pages\/567\/revisions\/568"}],"wp:attachment":[{"href":"https:\/\/contemporaries-nuernberg.de\/index.php?rest_route=%2Fwp%2Fv2%2Fmedia&parent=567"}],"curies":[{"name":"wp","href":"https:\/\/api.w.org\/{rel}","templated":true}]}}