{"id":448,"date":"2022-05-24T11:07:34","date_gmt":"2022-05-24T11:07:34","guid":{"rendered":"https:\/\/thomas.endformat.com\/?page_id=448"},"modified":"2022-12-14T13:53:33","modified_gmt":"2022-12-14T13:53:33","slug":"satzung","status":"publish","type":"page","link":"https:\/\/contemporaries-nuernberg.de\/?page_id=448","title":{"rendered":"Satzung"},"content":{"rendered":"<div class=\"bm-builder clearfix \"><div id=\"\" class=\"module col-12 module-id-1655126084839\" data-module-col=\"12\"><div class=\"module-inside single-image-inside\" style=\"--top-mod: 40px;--bottom-mod: 0px;--top-mod-m:20px;--bottom-mod-m:0px;\" ><div class=\"single-image-out  \" ><figure class=\"single-image   single-image-full  \" ><div class=\"ux-hover-wrap anima-wrap\" style=\"padding-top: 30.217391304348%;\"><span class=\"ux-hover-wrap-a\"><img fetchpriority=\"high\" decoding=\"async\" alt=\"IMG_2669_2b\" class=\"single-image-img img1st lazy \" src=\"data:image\/gif;base64,R0lGODlhAQABAIAAAAAAAP\/\/\/yH5BAEAAAAALAAAAAABAAEAAAIBRAA7\" data-src=\"https:\/\/contemporaries-nuernberg.de\/wp-content\/uploads\/2024\/06\/IMG_2669_2b.jpg\" data-srcset=\"https:\/\/contemporaries-nuernberg.de\/wp-content\/uploads\/2024\/06\/IMG_2669_2b.jpg 2300w, https:\/\/contemporaries-nuernberg.de\/wp-content\/uploads\/2024\/06\/IMG_2669_2b-300x91.jpg 300w, https:\/\/contemporaries-nuernberg.de\/wp-content\/uploads\/2024\/06\/IMG_2669_2b-1024x309.jpg 1024w, https:\/\/contemporaries-nuernberg.de\/wp-content\/uploads\/2024\/06\/IMG_2669_2b-768x232.jpg 768w, https:\/\/contemporaries-nuernberg.de\/wp-content\/uploads\/2024\/06\/IMG_2669_2b-1536x464.jpg 1536w, https:\/\/contemporaries-nuernberg.de\/wp-content\/uploads\/2024\/06\/IMG_2669_2b-2048x619.jpg 2048w, https:\/\/contemporaries-nuernberg.de\/wp-content\/uploads\/2024\/06\/IMG_2669_2b-350x106.jpg 350w, https:\/\/contemporaries-nuernberg.de\/wp-content\/uploads\/2024\/06\/IMG_2669_2b-650x196.jpg 650w, https:\/\/contemporaries-nuernberg.de\/wp-content\/uploads\/2024\/06\/IMG_2669_2b-1000x302.jpg 1000w, https:\/\/contemporaries-nuernberg.de\/wp-content\/uploads\/2024\/06\/IMG_2669_2b-2000x604.jpg 2000w, https:\/\/contemporaries-nuernberg.de\/wp-content\/uploads\/2024\/06\/IMG_2669_2b-600x181.jpg 600w\" data-sizes=\"(max-width: 480px) 320px,(max-width: 767px) 500px,(max-width: 2300px) 100vw, 2300px\" width=\"2300\" height=\"695\" \/><\/span><\/div><\/figure><\/div><\/div><\/div><div id=\"\" class=\"module col-12 module-id-1653390462076\" data-module-col=\"12\"><div class=\"module-inside text-inside\" style=\"--top-mod: 60px;--bottom-mod: 80px;--top-mod-m:30px;--bottom-mod-m:40px;\" ><div class=\"text_block_out\"  data-effect=\"standard\" style=\"\"><div class=\"text_block ux-mod-nobg\"><div class=\"text_block_inn\"><div id=\"text-1653390462076\" class=\"text_block_centered text_block_centered_enable_width\"  style=\"\"><h2 style=\"text-align: center;\">SATZUNG<\/h2><\/div><\/div><\/div><\/div><\/div><\/div><div id=\"\" class=\"module col-12 module-id-1653390241423\" data-module-col=\"12\"><div class=\"module-inside text-inside\" style=\"--top-mod: 0px;--bottom-mod: 0px;--top-mod-m:0px;--bottom-mod-m:0px;\" ><div class=\"text_block_out\"  data-effect=\"standard\" style=\"\"><div class=\"text_block ux-mod-nobg\"><div class=\"text_block_inn\"><div id=\"text-1653390241423\" class=\"text_block_centered text_block_centered_enable_width\"  style=\"\"><p style=\"text-align: center;\">&nbsp;<\/p>\n<p style=\"text-align: center;\"><strong>Satzung des Vereins CONTEMPORARIES e.V. \u2013 vereint f\u00fcr die Kunsthalle N\u00fcrnberg<\/strong><br>beschlossen per schriftlicher Abstimmung im M\u00e4rz 2024 und eingetragen im April 2024<\/p>\n<p>&nbsp;<\/p>\n<p>&nbsp;<\/p>\n<p style=\"text-align: left;\"><strong>\u00a7 1 Name und Sitz<\/strong><br>Der Verein \u201eCONTEMPORARIES e.V. \u2013 vereint f\u00fcr die Kunsthalle N\u00fcrnberg\u201c, (im folgenden\u201eVerein\u201c genannt) ist ein Verein. Er hat seinen Sitz in N\u00fcrnberg. Der Verein ist in dasVereinsregister eingetragen. Das Gesch\u00e4ftsjahr ist das Kalenderjahr. Soweit in dieser Satzung Personenbezeichnungen und personenbezogene Hauptw\u00f6rter in m\u00e4nnlicher und weiblicher Form verwendet werden, gelten sie im Sinne der Gleichbehandlung und ohne Wertung f\u00fcr alle Geschlechter.<\/p>\n<p style=\"text-align: left;\">&nbsp;<\/p>\n<p style=\"text-align: left;\"><strong>\u00a7 2 Zweck und Aufgaben<\/strong><br>Der Verein verfolgt ausschlie\u00dflich und unmittelbar gemeinn\u00fctzige Zwecke im Sinne des Abschnitts \u201eSteuerbeg\u00fcnstigte Zwecke\u201c der Abgabenordnung. Zweck des Vereins ist die F\u00f6rderung von Kunst und Kultur. Der Satzungszweck wird<br>verwirklicht insbesondere durch:<\/p>\n<p>&nbsp;<\/p>\n<p>a) die Beratung und Unterst\u00fctzung der zust\u00e4ndigen st\u00e4dtischen Stellen hinsichtlich der Kunsthalle N\u00fcrnberg und ihrer Aufgaben;<br>b) das \u00f6ffentliche Auftreten f\u00fcr den Fortbestand der Kunsthalle N\u00fcrnberg einschlie\u00dflich der diese erg\u00e4nzenden Einrichtungen;<br>c) die Sammlung von Sach- und Geldspenden f\u00fcr die Kunsthalle N\u00fcrnberg und die erg\u00e4nzenden Einrichtungen;<br>d) alle anderen Ma\u00dfnahmen, die direkt oder indirekt geeignet sind, den Vereinszweck zu erf\u00fcllen.<\/p>\n<p style=\"text-align: left;\">&nbsp;<\/p>\n<p style=\"text-align: left;\"><strong>\u00a7 3 Gemeinn\u00fctzigkeit<\/strong><br>Der Verein verfolgt ausschlie\u00dflich und unmittelbar gemeinn\u00fctzige Zwecke im Sinne des Abschnitts \u201eSteuerbeg\u00fcnstigte Zwecke\u201c der Abgabeordnung (AO) in der jeweils g\u00fcltigen Fassung.<br>Sein Zweck und die Verwirklichung des Satzungszwecks ergeben sich aus \u00a7 2 der Satzung. Der Verein ist selbstlos t\u00e4tig; er verfolgt nicht in erster Linie eigenwirtschaftliche Zwecke. Mittel des Vereins d\u00fcrfen nur f\u00fcr die satzungsm\u00e4\u00dfigen Zwecke verwendet werden. Die Mitglieder erhalten keine Gewinnanteile oder sonstige Zuwendungen aus den Mitteln des Vereins.<br>Die Mitglieder haben bei ihrem Ausscheiden, bei der Aufl\u00f6sung oder Aufhebung des Vereins keinen Anspruch auf das Vereinsverm\u00f6gen. Der Verein darf keine Person durch Ausgaben, die dem Zweck der K\u00f6rperschaft fremd sind oder durch unverh\u00e4ltnism\u00e4\u00dfig hohe Verg\u00fctungen beg\u00fcnstigen.<\/p>\n<p style=\"text-align: left;\">&nbsp;<\/p>\n<p style=\"text-align: left;\"><strong>\u00a7 4 Mitgliedschaft<\/strong><\/p>\n<p style=\"text-align: left;\">Der Verein besteht aus ordentlichen Mitgliedern, f\u00f6rdernden Mitgliedern und Ehrenmitgliedern.<br>1. Erwerb der Mitgliedschaft<br>a) Ordentliches Mitglied kann jede nat\u00fcrliche und jede juristische Person werden, die gewillt ist, die Ziele des Vereins anzuerkennen und zu verwirklichen.<br>b) F\u00f6rderndes Mitglied kann jede nat\u00fcrliche und jede juristische Person werden, die gewillt ist, die Bestrebungen des Vereins durch ihre Mitgliedschaft zu unterst\u00fctzen und zu f\u00f6rdern.<br>c) Ehrenmitglieder k\u00f6nnen Personen werden, die sich um den Verein oder dessen Wirkungsbereich besondere Verdienste erworben haben. Hier\u00fcber beschlie\u00dft die Mitgliederversammlung.<br>2. Beginn der Mitgliedschaft<\/p>\n<p style=\"text-align: left;\">F\u00fcr die Aufnahme der ordentlichen und f\u00f6rdernden Mitglieder ist eine schriftliche Beitrittserkl\u00e4rung erforderlich, bei Minderj\u00e4hrigen zus\u00e4tzlich die Einwilligung des gesetzlichen Vertreters. \u00dcber die Aufnahme eines Mitglieds entscheidet der Vorstand. Die Aufnahme in den Verein kann ohne Begr\u00fcndung abgelehnt werden.<br>3. Pflichten der Mitglieder<br>Alle Mitglieder sind verpflichtet, sich der Vereinssatzung gem\u00e4\u00df zu verhalten und in diesem Rahmen die Beschl\u00fcsse von Vorstand und Mitgliederversammlung zu verwirklichen.<br>Alle Mitglieder sind zur Zahlung eines Mitgliedsbeitrags verpflichtet. Die Mitgliedsbeitr\u00e4ge sind j\u00e4hrlich im zweiten Quartal an den Schatzmeister geb\u00fchrenfrei zu entrichten bzw. dem Verein ein SEPA-Lastschriftmandat zu erteilen. Die Beitr\u00e4ge werden von der Mitgliederversammlung festgesetzt.<br>4. Rechte der Mitglieder<br>Alle Mitglieder haben Sitz und Stimme in der Mitgliederversammlung. Sie haben das Recht, in der Mitgliederversammlung Antr\u00e4ge zu stellen.<br>5. Ende der Mitgliedschaft<\/p>\n<p style=\"text-align: left;\">Die Mitgliedschaft endet<br>a) mit dem Tod (nat\u00fcrliche Person) oder Aufl\u00f6sung (juristische Person)<br>b) durch Austritt<br>c) durch Beschluss<br>d) wenn das Mitglied f\u00fcr zwei aufeinanderfolgende Jahre keinen Beitrag gezahlt hat. Der Austritt kann nur zum Jahresende mit Drei-Monats-Frist schriftlich gegen\u00fcber dem Vorstand erkl\u00e4rt werden.<br>Mit Mehrheitsbeschluss des Vorstands kann ein Mitglied ausgeschlossen werden, dessen Handlungsweise mit den Zielen des Vereins und mit dessen Ansehen unvereinbar ist. Dem Mitglied muss vorher Gelegenheit gegeben werden, seinen Standpunkt schriftlich oder m\u00fcndlich vorzutragen.<\/p>\n<p style=\"text-align: left;\">&nbsp;<\/p>\n<p style=\"text-align: left;\"><strong>\u00a7 5 Organe<\/strong><br>Organe des Vereins sind die Mitgliederversammlung (\u00a7 6) und der Vorstand (\u00a7 7).<\/p>\n<p style=\"text-align: left;\">&nbsp;<\/p>\n<p style=\"text-align: left;\"><strong>\u00a7 6 Mitgliederversammlung<\/strong><br>1. Ordentliche Mitgliederversammlung (MV)<br>Die ordentliche Mitgliederversammlung (MV) ist mindestens einmal j\u00e4hrlich vom Vorstand einzuberufen, bevorzugt im ersten Quartal. Die Einberufung der Mitgliederversammlung erfolgt mindestens in Textform durch den Vorstand unter Angabe einer Tagesordnung und Wahrung einer Einladungsfrist von drei Wochen. Die Mitgliederversammlung kann als Pr\u00e4senzveranstaltung oder in Ausnahmef\u00e4llen in virtueller Form stattfinden. Die konkrete Form wird durch den Vorstand festgelegt und mit der Einladung bekanntgegeben. Der erste Vorsitzende leitet die Mitgliederversammlung. Es ist ein Protokoll zu f\u00fchren, in welches die Beschl\u00fcsse aufzunehmen sind. Das Protokoll ist vom ersten Vorsitzenden und vom Protokollf\u00fchrer zu unterzeichnen.<br>2. Au\u00dferordentliche Mitgliederversammlung (MV)<br>Au\u00dferordentliche Mitgliederversammlungen sind einzuberufen auf Antrag von:<br>a) mindestens 20 % der Mitglieder oder<br>b) einem Rechnungspr\u00fcfer oder<br>c) einem Vorstandsmitglied<br>Sie muss innerhalb von acht Wochen stattfinden.<br>3. Tagesordnung<br>Der Einladung ist eine Tagesordnung beizuf\u00fcgen, die folgende Punkte umfassen soll:<br>a) Berichterstattung des Vorstandes<br>b) Kassenbericht<br>c) Wahl der Vorst\u00e4nde und Rechnungspr\u00fcfer (soweit dies ansteht)<br>d) Text ordnungsgem\u00e4\u00dfer Antr\u00e4ge, \u00fcber die beraten oder Beschluss gefasst werden soll.<br>4. Aufgaben der Mitgliederversammlung<br>Die Mitgliederversammlung ist zust\u00e4ndig f\u00fcr alle Aufgaben, soweit sie nicht durch Gesetz oder Versammlungsbeschluss dem Vorstand \u00fcbertragen sind. Sie ist insbesondere zust\u00e4ndig f\u00fcr:<br>a) die Wahl des Vorstands<br>b) die Wahl der Rechnungspr\u00fcfer<br>c) Entgegennahme des Gesch\u00e4ftsberichts und der Jahresabrechnung<br>d) Entlastung des Vorstands<br>e) Festsetzung der Beitr\u00e4ge<br>f) Satzungs\u00e4nderungen<br>g) die Aufl\u00f6sung des Vereins<br>5. Beschl\u00fcsse der Mitgliederversammlung<br>Die Mitgliederversammlung ist beschlussf\u00e4hig, wenn ordnungsgem\u00e4\u00df eingeladen worden ist. Jedes Mitglied hat eine Stimme. Juristische Personen m\u00fcssen schriftlich ihren Bevollm\u00e4chtigten benennen, der das Stimmrecht aus\u00fcbt. Die Versammlung beschlie\u00dft mit einfacher Mehrheit der anwesenden Mitglieder. Bei Stimmengleichheit gilt ein Antrag als abgelehnt. Bei Wahlen ist auf Wunsch mindestens eines Mitgliedes schriftliche und geheime Stimmabgabe erforderlich. F\u00fcr den Beschluss, die Satzung zu \u00e4ndern oder den Verein aufzul\u00f6sen, ist eine Zweidrittelmehrheit der anwesenden Mitglieder erforderlich. Dieser Beschluss kann nur nach rechtzeitiger Ank\u00fcndigung in der Einladung zur Mitgliederversammlung gefasst werden.<\/p>\n<p style=\"text-align: left;\">&nbsp;<\/p>\n<p style=\"text-align: left;\"><strong>\u00a7 7 Der Vorstand<\/strong><br>Vorstand im Sinn des \u00a7 26 BGB sind die \/ der erste und die \/ der zweite Vorsitzende, die Schatzmeisterin \/ der Schatzmeister sowie bis zu sechs Beisitzerinnen \/ Beisitzer. Qua Amt ist der\/die Leiter\/in der Kunsthalle N\u00fcrnberg Mitglied im Vorstand. Vertretungsberechtigt sind jeweils zwei Vorstandsmitglieder, von denen eines der erste oder zweite Vorsitzende sein muss.<br>Die Vorst\u00e4nde werden von der Mitgliederversammlung jeweils auf f\u00fcnf Jahre gew\u00e4hlt. Eine Wiederwahl ist m\u00f6glich. Die Amtszeit beginnt mit der Wahl. Bei Neuwahl eines Vorstandes endet die Amtszeit des bisherigen Vorstandes. Die jeweils amtierenden Vorstandsmitglieder bleiben nach Ablauf ihrer Amtszeit so lange im Amt, bis ihre Nachfolger gew\u00e4hlt und ihre Amtst\u00e4tigkeit aufgenommen wurde. F\u00fcr vorzeitig ausscheidende Mitglieder des Vorstands kann der Vorstand selbst Ersatzleute w\u00e4hlen, deren Amtsdauer bis zur n\u00e4chsten Mitgliederversammlung l\u00e4uft. Der Vorstand ist erm\u00e4chtigt, zu bestimmen, welches Amt die Ersatzperson im Vorstand einnimmt.<\/p>\n<p style=\"text-align: left;\">&nbsp;<\/p>\n<p style=\"text-align: left;\"><strong>\u00a7 8 Aufgaben des Vorstandes<\/strong><br>Der Vorstand setzt die allgemeinen Grundz\u00fcge der T\u00e4tigkeit und Arbeitseinteilung des Vereins fest und entscheidet \u00fcber alle Angelegenheiten, die nicht der Mitgliederversammlung vorbehalten sind. Ihm obliegt auch die Entscheidung \u00fcber die Verwendung der aufgebrachten Mittel, soweit nicht die Mitgliederversammlung etwas anderes beschlie\u00dft. Der Vorstand ist beschlussf\u00e4hig, wenn die H\u00e4lfte seiner Mitglieder anwesend ist. Vorstandsbeschl\u00fcsse m\u00fcssen mit der Mehrheit der anwesenden Mitglieder gefasst werden. Der Vorstand f\u00fchrt alle weiteren Aufgaben aus, die sich aus der Satzung des Vereins und den Beschl\u00fcssen der Mitgliederversammlung ergeben. Das zum Schatzmeister gew\u00e4hlte Vorstandsmitglied verwaltet die Kasse des Vereins und f\u00fchrt ordnungsgem\u00e4\u00df Buch \u00fcber alle Einnahmen und Ausgaben. Er hat der Mitgliederversammlung j\u00e4hrlich einen Rechenschaftsbericht zu erstatten. Zahlungen und \u00dcbernahme finanzieller Verpflichtungen bed\u00fcrfen eines Vorstandsbeschlusses. F\u00fcr Aufgaben, die nicht zu den Vereinszwecken geh\u00f6ren sowie f\u00fcr unverh\u00e4ltnism\u00e4\u00dfig hohe Verg\u00fctungen an Hilfskr\u00e4fte d\u00fcrfen Mittel des Vereins nicht verausgabt werden. Der Vorstand hat die Mitgliederversammlung vorzubereiten und dieser umfassend Bericht zu erstatten.<\/p>\n<p style=\"text-align: left;\">&nbsp;<\/p>\n<p style=\"text-align: left;\"><strong>\u00a7 9 Rechnungspr\u00fcfer<\/strong><br>Der Verein hat mindestens zwei Rechnungspr\u00fcfer \/ Rechnungspr\u00fcferinnen, die von der Mitgliederversammlung f\u00fcr die Dauer von f\u00fcnf Jahren gew\u00e4hlt werden. Sie \u00fcberpr\u00fcfen mindestens einmal j\u00e4hrlich Haushaltsf\u00fchrung und Jahresabrechnung; sie berichten dar\u00fcber der Mitgliederversammlung. Sie d\u00fcrfen in dem zu pr\u00fcfenden Jahr dem Vorstand nicht angeh\u00f6rt haben.<\/p>\n<p style=\"text-align: left;\">&nbsp;<\/p>\n<p style=\"text-align: left;\"><strong>\u00a7 10 Aufl\u00f6sung des Vereins<\/strong><br>Im Falle der Aufl\u00f6sung oder Aufhebung des Vereins oder bei Wegfall steuerbeg\u00fcnstigter Zwecke f\u00e4llt das Verm\u00f6gen des Vereins an das Institut f\u00fcr moderne Kunst e.V. in N\u00fcrnberg (Luitpoldstra\u00dfe 5, 90402 N\u00fcrnberg) mit der Verpflichtung, es ausschlie\u00dflich und unmittelbar zur F\u00f6rderung von Kunst und Kultur zu verwenden.<\/p>\n<p style=\"text-align: left;\"><br><strong>\u00a7 11 Rechtswesen und Gerichtsstand<\/strong><br>Im \u00dcbrigen gelten die gesetzlichen Vorschriften, Gerichtsstand ist N\u00fcrnberg.<\/p>\n<p style=\"text-align: left;\">&nbsp;<\/p>\n<p style=\"text-align: left;\"><strong>\u00a7 12 Bevollm\u00e4chtigung<\/strong><br>Der Vorstand wird erm\u00e4chtigt, die Satzung bei formalen oder inhaltlichen Beanstandungen durch das zust\u00e4ndige Finanzamt oder durch das Registergericht zu \u00e4ndern, so dass der Gemeinn\u00fctzigkeit Hindernisse nicht entgegenstehen.<\/p>\n<p style=\"text-align: left;\">&nbsp;<\/p>\n<p style=\"text-align: left;\"><strong>\u00a7 13 Inkrafttreten der Satzung<\/strong><br>Die Satzungs\u00e4nderung ist mit Eintragung in das Vereinsregister wirksam.<\/p><\/div><\/div><\/div><\/div><\/div><\/div><\/div>","protected":false},"excerpt":{"rendered":"<p>SATZUNG&nbsp; Satzung des Vereins CONTEMPORARIES e.V. \u2013 vereint f\u00fcr die &hellip;<\/p>\n","protected":false},"author":1,"featured_media":0,"parent":0,"menu_order":0,"comment_status":"closed","ping_status":"closed","template":"","meta":{"inline_featured_image":false,"footnotes":""},"class_list":["post-448","page","type-page","status-publish","hentry"],"_links":{"self":[{"href":"https:\/\/contemporaries-nuernberg.de\/index.php?rest_route=\/wp\/v2\/pages\/448","targetHints":{"allow":["GET"]}}],"collection":[{"href":"https:\/\/contemporaries-nuernberg.de\/index.php?rest_route=\/wp\/v2\/pages"}],"about":[{"href":"https:\/\/contemporaries-nuernberg.de\/index.php?rest_route=\/wp\/v2\/types\/page"}],"author":[{"embeddable":true,"href":"https:\/\/contemporaries-nuernberg.de\/index.php?rest_route=\/wp\/v2\/users\/1"}],"replies":[{"embeddable":true,"href":"https:\/\/contemporaries-nuernberg.de\/index.php?rest_route=%2Fwp%2Fv2%2Fcomments&post=448"}],"version-history":[{"count":2,"href":"https:\/\/contemporaries-nuernberg.de\/index.php?rest_route=\/wp\/v2\/pages\/448\/revisions"}],"predecessor-version":[{"id":452,"href":"https:\/\/contemporaries-nuernberg.de\/index.php?rest_route=\/wp\/v2\/pages\/448\/revisions\/452"}],"wp:attachment":[{"href":"https:\/\/contemporaries-nuernberg.de\/index.php?rest_route=%2Fwp%2Fv2%2Fmedia&parent=448"}],"curies":[{"name":"wp","href":"https:\/\/api.w.org\/{rel}","templated":true}]}}